{"id":766,"date":"2026-04-16T08:16:05","date_gmt":"2026-04-16T05:16:05","guid":{"rendered":"https:\/\/www.rebrick.fi\/?page_id=766"},"modified":"2026-04-16T08:30:45","modified_gmt":"2026-04-16T05:30:45","slug":"tietosuojaseloste","status":"publish","type":"page","link":"https:\/\/www.rebrick.fi\/fi\/tietosuojaseloste\/","title":{"rendered":"Tietosuojaseloste"},"content":{"rendered":"\t\t<div data-elementor-type=\"wp-page\" data-elementor-id=\"766\" class=\"elementor elementor-766 elementor-752\" data-elementor-post-type=\"page\">\n\t\t\t\t<div class=\"elementor-element elementor-element-b57dbb5 e-flex e-con-boxed e-con e-parent\" data-id=\"b57dbb5\" data-element_type=\"container\" data-e-type=\"container\" data-settings=\"{&quot;background_background&quot;:&quot;classic&quot;,&quot;_ob_use_container_extras&quot;:&quot;no&quot;,&quot;_ob_column_hoveranimator&quot;:&quot;no&quot;,&quot;_ob_glider_is_slider&quot;:&quot;no&quot;,&quot;_ob_column_has_pseudo&quot;:&quot;no&quot;}\">\n\t\t\t\t\t<div class=\"e-con-inner\">\n\t\t\t\t<div class=\"elementor-element elementor-element-06e4737 ob-harakiri-inherit ob-has-background-overlay elementor-widget elementor-widget-heading\" data-id=\"06e4737\" data-element_type=\"widget\" data-e-type=\"widget\" data-settings=\"{&quot;_ob_use_harakiri&quot;:&quot;yes&quot;,&quot;_ob_harakiri_writing_mode&quot;:&quot;inherit&quot;,&quot;_ob_harakiri_text_clip&quot;:&quot;none&quot;,&quot;_ob_widget_stalker_use&quot;:&quot;no&quot;,&quot;_ob_poopart_use&quot;:&quot;yes&quot;,&quot;_ob_shadough_use&quot;:&quot;no&quot;,&quot;_ob_allow_hoveranimator&quot;:&quot;no&quot;}\" data-widget_type=\"heading.default\">\n\t\t\t\t\t<h2 class=\"elementor-heading-title elementor-size-default\">Tietosuojaseloste<\/h2>\t\t\t\t<\/div>\n\t\t\t\t<div class=\"elementor-element elementor-element-0d45549 ob-harakiri-inherit ob-has-background-overlay elementor-widget elementor-widget-text-editor\" data-id=\"0d45549\" data-element_type=\"widget\" data-e-type=\"widget\" data-settings=\"{&quot;_ob_use_harakiri&quot;:&quot;yes&quot;,&quot;_ob_harakiri_writing_mode&quot;:&quot;inherit&quot;,&quot;_ob_postman_use&quot;:&quot;no&quot;,&quot;_ob_widget_stalker_use&quot;:&quot;no&quot;,&quot;_ob_poopart_use&quot;:&quot;yes&quot;,&quot;_ob_shadough_use&quot;:&quot;no&quot;,&quot;_ob_allow_hoveranimator&quot;:&quot;no&quot;}\" data-widget_type=\"text-editor.default\">\n\t\t\t\t\t\t\t\t\t<h5><strong>1. Rekisterinpit\u00e4j\u00e4<\/strong><\/h5><p>Kronqvist Yhti\u00f6t Oy<\/p><p>Y-Tunnus 1065044-5<\/p><p>Osoite: Topeliusesplanaden 12, 66900 Nykarleby, Finland<\/p><p>Puhelin: 06 7810 800<\/p><p>S\u00e4hk\u00f6posti: info@kronqvist.com<\/p><h5>\u00a0<\/h5><h5><strong>2. Rekisterin nimi<\/strong><\/h5><p>Kronqvist Yhti\u00f6t Oy:n asiakas- ja suoramarkkinointirekisteri<\/p><h5>\u00a0<\/h5><h5><strong>3. Mit\u00e4 henkil\u00f6tietoja k\u00e4sittelemme?<\/strong><\/h5><p>Ker\u00e4\u00e4mme henkil\u00f6tietoja, jotka l\u00e4het\u00e4t meille, kun esimerkiksi rekister\u00f6idyt verkkokauppamme asiakkaaksi, tilaat tuotteita, tilaat uutiskirjeen, otat yhteytt\u00e4 asiakaspalveluumme, kirjoitat tuotekommentin. Kun teet tilauksen toiselle henkil\u00f6lle, my\u00f6s h\u00e4nen tietonsa tallennetaan. Tiedot, joita k\u00e4sittelemme ovat nimi, mahdollinen ty\u00f6paikka, henkil\u00f6tunnus, kotiosoite, toimitusosoite tai ty\u00f6paikan osoite, postinumero ja -toimipaikka, s\u00e4hk\u00f6postiosoite, puhelinnumero, tilaushistoria, tekniset tiedot (k\u00e4ytt\u00e4j\u00e4n IP-osoite ja k\u00e4ytett\u00e4v\u00e4 selain) sek\u00e4 ev\u00e4stetiedot. Lis\u00e4ksi voimme ker\u00e4t\u00e4 tiettyj\u00e4 henkil\u00f6tietoja, kuten luottotietoja ja osoitteenmuutoksia, ulkoisista l\u00e4hteist\u00e4.<\/p><p>Tietoja voidaan p\u00e4ivitt\u00e4\u00e4 my\u00f6s viranomaisl\u00e4hteist\u00e4 sek\u00e4 muilta yrityksilt\u00e4 lain sallimissa rajoissa.<\/p><h5>\u00a0<\/h5><h5><strong>4. Miten k\u00e4yt\u00e4mme henkil\u00f6tietojasi?<\/strong><\/h5><p>Tietoja voidaan k\u00e4ytt\u00e4\u00e4 asiakkuutesi ja tilaustesi hallinnointiin, tunnistautumiseen, suoramarkkinointiin, asiakastutkimuksiin, uutiskirjeisiin, analyysi- ja profilointitarkoituksiin sek\u00e4 tilastointiin. Tietoja voidaan k\u00e4ytt\u00e4\u00e4 my\u00f6s markkinointimateriaalin l\u00e4hett\u00e4miseen postilla, tekstiviesteill\u00e4 ja s\u00e4hk\u00f6postilla sek\u00e4 yhteydenottoihin puhelimitse ja automaattisilla puheluilla, ellet ole itse kielt\u00e4nyt t\u00e4t\u00e4. Tietoja voidaan k\u00e4ytt\u00e4\u00e4 my\u00f6s sinulle merkityksellisen tiedon v\u00e4litt\u00e4miseen ja markkinoinnin kohdentamiseen sek\u00e4 palveluidemme parantamiseen. Voit lopettaa uutiskirjeemme tilauksen uutiskirjeess\u00e4 olevan linkin kautta.<\/p><p>Kronqvist Yhti\u00f6t Oy voi k\u00e4ytt\u00e4\u00e4 alihankkijoita tai palveluntarjoajia palvelujen yll\u00e4pitoon, paino- ja jakeluteht\u00e4viin, asiakaspalveluun, maksunv\u00e4litykseen ja luotonanto ja -maksupalveluihin, k\u00e4ytt\u00e4j\u00e4tietojen hallinnointiin ja analysointiin, tutkimuksiin, asiakasviestint\u00e4\u00e4n sek\u00e4 kampanjoiden toteuttamiseen. Kronqvist Yhti\u00f6t Oy:n alihankkijat ja palveluntarjoajat voivat k\u00e4ytt\u00e4\u00e4 henkil\u00f6tietojasi vain tarkoituksiin, jotka on m\u00e4\u00e4ritelty t\u00e4ss\u00e4 tietosuojaselosteessa.<\/p><p>Yll\u00e4 mainitut kolmannet osapuolet eiv\u00e4t voi k\u00e4ytt\u00e4\u00e4 tietojasi muuhun, kuin t\u00e4ss\u00e4 selosteessa mainittuihin tarkoituksiin sek\u00e4 Kronqvist Yhti\u00f6t Oy m\u00e4\u00e4rittelemiin tarkoituksiin. Kronqvist Yhti\u00f6t Oy velvoittaa kolmansia osapuolia pit\u00e4m\u00e4\u00e4n tietosi salassa ja varmistamaan riitt\u00e4v\u00e4n tietosuojan tason, jotta tietosi ovat turvassa.<\/p><p>Tietojen siirto EU\/ETA \u2013alueen ulkopuolelle<\/p><p>Tietoja ei luovuteta EU \/ ETA maiden ulkopuolelle, ellei se ole Kronqvist Yhti\u00f6t Oy:n tai yhteisty\u00f6kumppanin palvelun teknisen toteutuksen vuoksi tarpeellista. T\u00e4ll\u00f6in Kronqvist Yhti\u00f6t Oy huolehtii riitt\u00e4v\u00e4sti tietosuojan tasosta.<\/p><p>Henkil\u00f6tietojasi voidaan luovuttaa viranomaisille n\u00e4in vaadittaessa tai laissa m\u00e4\u00e4riteltyihin tarkoituksiin.<\/p><h5>\u00a0<\/h5><h5><strong>5. Miten suojaamme henkil\u00f6tietosi?<\/strong><\/h5><p>Kronqvist Yhti\u00f6t Oy pit\u00e4\u00e4 rekister\u00f6ityjen tietojen huolellista suojaamista eritt\u00e4in t\u00e4rke\u00e4n\u00e4. Tiedot tallennetaan s\u00e4hk\u00f6iseen j\u00e4rjestelm\u00e4\u00e4n, jota suojaavat palomuurit, salasanat ja muut tarvittavat tekniset ratkaisut. Vain m\u00e4\u00e4ritetyill\u00e4 Kronqvist Yhti\u00f6t Oy palveluksessa olevilla henkil\u00f6ill\u00e4 sek\u00e4 henkil\u00f6ill\u00e4, jotka tarvitsevat tietoja teht\u00e4viens\u00e4 hoitoon, on p\u00e4\u00e4sy rekisterin tietoihin. Kaikkia, jotka k\u00e4ytt\u00e4v\u00e4t rekisterin tietoja, koskee salassapitovelvollisuus.<\/p><h5>\u00a0<\/h5><h5><strong>6. Miten pitk\u00e4\u00e4n henkil\u00f6tietojani s\u00e4\u00e4stet\u00e4\u00e4n?<\/strong><\/h5><p>Henkil\u00f6tietojasi pidet\u00e4\u00e4n rekisteriss\u00e4 vain niin pitk\u00e4\u00e4n kuin se on v\u00e4ltt\u00e4m\u00e4t\u00f6nt\u00e4, ett\u00e4 t\u00e4ss\u00e4 selosteessa m\u00e4\u00e4ritelty k\u00e4ytt\u00f6tarkoitus on t\u00e4ytetty ja mit\u00e4 laki m\u00e4\u00e4r\u00e4\u00e4 tietojen s\u00e4ilytt\u00e4misest\u00e4. Lain m\u00e4\u00e4r\u00e4\u00e4m\u00e4n velvoitteen mukaisesti Kronqvist Yhti\u00f6t Oy voi joutua s\u00e4ilytt\u00e4m\u00e4\u00e4n tietoja pidemp\u00e4\u00e4n kuin edell\u00e4 mainittu ajanjakso edellytt\u00e4\u00e4.<\/p><p>Vanhentuneet ja tarpeettomat tiedot tuhotaan asianmukaisella tavalla. Henkil\u00f6tiedot vied\u00e4\u00e4n rekisteriin siin\u00e4 muodossa, miss\u00e4 rekister\u00f6it\u00e4v\u00e4 on antanut ne ja p\u00e4ivityksen voi tehd\u00e4 joko rekister\u00f6ity itse tai Kronqvist Yhti\u00f6t Oy rekister\u00f6idyn tekem\u00e4n pyynn\u00f6n perusteella.<\/p><h5>\u00a0<\/h5><h5><strong>7. Henkil\u00f6tietojesi tarkastaminen, p\u00e4ivitys, korjaaminen ja poistaminen<\/strong><\/h5><p>Asiakkaana sinulla on oikeus tarkistaa, mit\u00e4 tietoja sinusta on tallennettu<\/p><p>Kronqvist Yhti\u00f6t Oy:n asiakas- ja suoramarkkinointirekisteriin. Tarkastusoikeus voidaan ev\u00e4t\u00e4 laissa s\u00e4\u00e4detyin perustein. Tarkastusoikeuden k\u00e4ytt\u00e4minen on l\u00e4ht\u00f6kohtaisesti maksutonta. Sinulla on oikeus koska tahansa vastustaa tietojesi k\u00e4sittely\u00e4, mik\u00e4li koet, ett\u00e4 Kronqvist Yhti\u00f6t Oy on k\u00e4sitellyt tietoja lainvastaisesti tai ett\u00e4 Kronqvist Yhti\u00f6t Oy ei ole oikeutta k\u00e4sitell\u00e4 rekister\u00f6idyn tietoja. Vastustamisoikeus ei koske sellaista tietojen k\u00e4sittely\u00e4, johon laki velvoittaa Kronqvist Yhti\u00f6t Oy.<\/p><p>Sinulla on oikeus saada virheelliset tiedot oikaistuiksi tai puutteelliset tiedot t\u00e4ydennetyiksi sek\u00e4 oikeus vaatia tietojesi poistamista asiakas- ja suoramarkkinointirekisterist\u00e4mme. Poisto-oikeutta ei kuitenkaan ole silt\u00e4 osin kuin tietojen k\u00e4sittely ja s\u00e4ilytt\u00e4minen rekisteriss\u00e4 on v\u00e4ltt\u00e4m\u00e4t\u00f6nt\u00e4 Kronqvist Yhti\u00f6t Oy:n koskevan lakis\u00e4\u00e4teisen velvoitteen noudattamiseksi tai muun laissa s\u00e4\u00e4detyn perusteen johdosta.<\/p><p>Silt\u00e4 osin kun olet itse toimittanut asiakas- ja suoramarkkinointirekisteriimme tietoja, joita k\u00e4sitell\u00e4\u00e4n antamasi suostumuksen tai toimeksiannon nojalla, sinulla on oikeus saada t\u00e4llaiset tiedot p\u00e4\u00e4s\u00e4\u00e4nt\u00f6isesti koneluettavassa muodossa ja oikeus siirt\u00e4\u00e4 n\u00e4m\u00e4 tiedot toiselle rekisterinpit\u00e4j\u00e4lle.<\/p><p>Sinulla on oikeus milloin tahansa vastustaa tietojesi k\u00e4sittely\u00e4 suoramarkkinointitarkoituksiin. Sinulla on oikeus ottaa meihin yhteytt\u00e4 ja vaatia Kronqvist Yhti\u00f6t Oy sek\u00e4 kaikkia kolmansia osapuolia poistamaan ker\u00e4tyt, sinulle kuuluvat henkil\u00f6tiedot.<\/p><p>Mik\u00e4li tietojasi k\u00e4sitell\u00e4\u00e4n suostumukseesi perustuen, sinulla on oikeus peruuttaa suostumus ilmoittamalla t\u00e4st\u00e4 meille t\u00e4m\u00e4n tietosuojaselosteen mukaisesti.<\/p><p>Sinun tulee l\u00e4hett\u00e4\u00e4 oikeuksiasi koskevat pyynn\u00f6t kirjallisena tai s\u00e4hk\u00f6postitse kohdassa 1 mainittuun osoitteeseen. Kronqvist Yhti\u00f6t Oy voi pyyt\u00e4\u00e4 rekister\u00f6ity\u00e4 tarkentamaan pyynt\u00f6\u00e4\u00e4n ja varmentamaan henkil\u00f6llisyyden ennen pyynn\u00f6n k\u00e4sittelemist\u00e4. Kronqvist Yhti\u00f6t Oy voi kielt\u00e4yty\u00e4 pyynn\u00f6n toteuttamisesta sovellettavassa laissa s\u00e4\u00e4detyll\u00e4 perusteella. Kronqvist Yhti\u00f6t Oy vastaa pyynt\u00f6ihin yhden (1) kuukauden sis\u00e4ll\u00e4 pyynn\u00f6n esitt\u00e4misest\u00e4, ellei ole erityisi\u00e4 syit\u00e4 pident\u00e4\u00e4 vastaamisaikaa.<\/p><p>Sinulla on oikeus valittaa viranomaiselle, mik\u00e4li Kronqvist Yhti\u00f6t Oy ei ole noudattanut tietosuojalains\u00e4\u00e4d\u00e4nt\u00f6\u00e4.<\/p><h5>\u00a0<\/h5><h5><strong>8. Linkit<\/strong><\/h5><p>Verkkokauppamme kronqvist.fi voi sis\u00e4lt\u00e4\u00e4 linkkej\u00e4 muihin verkko-osoitteisiin. T\u00e4m\u00e4 tietosuojaseloste koskee vain kronqvist.com -kotisivu. Kun siirryt toiseen verkko-osoitteeseen, kehotamme sinua lukemaan kyseist\u00e4 sivustoa koskevan tietosuojaselosteen. Huomioithan, ett\u00e4 Kronqvist Yhti\u00f6t Oy ei vastaa siit\u00e4, miten muut verkkopalvelut k\u00e4sittelev\u00e4t henkil\u00f6tietojasi.<\/p><h5>\u00a0<\/h5><h5><strong>9. Ev\u00e4steet<\/strong><\/h5><p>Kronqvist Yhti\u00f6t Oy verkkosivuilla k\u00e4ytet\u00e4\u00e4n ev\u00e4steit\u00e4 (cookies). Jotta verkkosivut toimisivat parhaalla mahdollisella tavalla, sinun on sallittava verkkoselaimesi ev\u00e4steiden k\u00e4ytt\u00f6. Ev\u00e4steill\u00e4 ker\u00e4t\u00e4\u00e4n teknist\u00e4 tietoa ja tietoa sivujen k\u00e4ytt\u00f6tavoista. N\u00e4iden tietojen avulla verkkosivuja kehitet\u00e4\u00e4n vastaamaan asiakkaiden tarpeisiin entist\u00e4 paremmin. Voit tarvittaessa poistaa ev\u00e4steet k\u00e4yt\u00f6st\u00e4 selaimen asetuksista. Jos toiminto otetaan pois k\u00e4yt\u00f6st\u00e4, voi osa verkkosivujen toiminnoista hidastua tai p\u00e4\u00e4sy joihinkin osioihin estet\u00e4\u00e4n kokonaan.<\/p><h5>\u00a0<\/h5><h5><strong>10. Tietosuojaselosteen muutokset<\/strong><\/h5><p>Kronqvist Yhti\u00f6t Oy kehitt\u00e4\u00e4 toimintaansa jatkuvasti ja pid\u00e4tt\u00e4\u00e4 siksi oikeuden muuttaa tietosuojaselostetta ilmoittamalla siit\u00e4 verkkosivuillaan. Muutokset voivat perustua my\u00f6s muutoksiin lains\u00e4\u00e4d\u00e4nn\u00f6ss\u00e4. Suosittelemme, ett\u00e4 tutustut s\u00e4\u00e4nn\u00f6llisesti tietosuojaselosteen sis\u00e4lt\u00f6\u00f6n.<\/p>\t\t\t\t\t\t\t\t<\/div>\n\t\t\t\t\t<\/div>\n\t\t\t\t<\/div>\n\t\t\t\t<\/div>\n\t\t","protected":false},"excerpt":{"rendered":"<p>Tietosuojaseloste 1. Rekisterinpit\u00e4j\u00e4 Kronqvist Yhti\u00f6t Oy Y-Tunnus 1065044-5 Osoite: Topeliusesplanaden 12, 66900 Nykarleby, Finland Puhelin: 06 7810 800 S\u00e4hk\u00f6posti: info@kronqvist.com \u00a0 2. Rekisterin nimi Kronqvist Yhti\u00f6t Oy:n asiakas- ja suoramarkkinointirekisteri \u00a0 3. Mit\u00e4 henkil\u00f6tietoja k\u00e4sittelemme? Ker\u00e4\u00e4mme henkil\u00f6tietoja, jotka l\u00e4het\u00e4t meille, kun esimerkiksi rekister\u00f6idyt verkkokauppamme asiakkaaksi, tilaat tuotteita, tilaat uutiskirjeen, otat yhteytt\u00e4 asiakaspalveluumme, kirjoitat tuotekommentin. Kun [&hellip;]<\/p>\n","protected":false},"author":1,"featured_media":0,"parent":0,"menu_order":0,"comment_status":"closed","ping_status":"closed","template":"","meta":{"_seopress_robots_primary_cat":"","_seopress_titles_title":"","_seopress_titles_desc":"","_seopress_robots_index":"","footnotes":""},"class_list":["post-766","page","type-page","status-publish","hentry"],"_links":{"self":[{"href":"https:\/\/www.rebrick.fi\/fi\/wp-json\/wp\/v2\/pages\/766","targetHints":{"allow":["GET"]}}],"collection":[{"href":"https:\/\/www.rebrick.fi\/fi\/wp-json\/wp\/v2\/pages"}],"about":[{"href":"https:\/\/www.rebrick.fi\/fi\/wp-json\/wp\/v2\/types\/page"}],"author":[{"embeddable":true,"href":"https:\/\/www.rebrick.fi\/fi\/wp-json\/wp\/v2\/users\/1"}],"replies":[{"embeddable":true,"href":"https:\/\/www.rebrick.fi\/fi\/wp-json\/wp\/v2\/comments?post=766"}],"version-history":[{"count":5,"href":"https:\/\/www.rebrick.fi\/fi\/wp-json\/wp\/v2\/pages\/766\/revisions"}],"predecessor-version":[{"id":778,"href":"https:\/\/www.rebrick.fi\/fi\/wp-json\/wp\/v2\/pages\/766\/revisions\/778"}],"wp:attachment":[{"href":"https:\/\/www.rebrick.fi\/fi\/wp-json\/wp\/v2\/media?parent=766"}],"curies":[{"name":"wp","href":"https:\/\/api.w.org\/{rel}","templated":true}]}}